{"id":12057,"date":"2021-09-28T10:11:03","date_gmt":"2021-09-28T10:11:03","guid":{"rendered":"https:\/\/www.grandquarters.com\/?page_id=12057"},"modified":"2024-12-01T22:34:11","modified_gmt":"2024-12-01T20:34:11","slug":"investor-relations","status":"publish","type":"page","link":"https:\/\/old.grandquarters.com\/de\/investor-relations\/","title":{"rendered":"Investor Relations"},"content":{"rendered":"<div class=\"wpb-content-wrapper\"><p>[vc_row][vc_column width=&#8220;1\/6&#8243;][vc_column_text el_class=&#8220;frontheading&#8220;]<\/p>\n<h4 style=\"text-align: center; padding-top: 12px;\"><strong>BEKANNT AUS<\/strong><\/h4>\n<p>[\/vc_column_text][\/vc_column][vc_column width=&#8220;1\/6&#8243;][vc_single_image image=&#8220;12394&#8243; alignment=&#8220;center&#8220;][\/vc_column][vc_column width=&#8220;1\/6&#8243;][vc_single_image image=&#8220;12390&#8243; alignment=&#8220;center&#8220;][\/vc_column][vc_column width=&#8220;1\/6&#8243;][vc_single_image image=&#8220;12410&#8243; alignment=&#8220;center&#8220;][\/vc_column][vc_column width=&#8220;1\/6&#8243;][vc_single_image image=&#8220;12396&#8243; alignment=&#8220;center&#8220;][\/vc_column][vc_column width=&#8220;1\/6&#8243;][vc_single_image image=&#8220;12388&#8243; alignment=&#8220;center&#8220;][\/vc_column][\/vc_row][vc_row][vc_column]<div class=\"spacer\" style=\"height:35px;\"><\/div>[\/vc_column][\/vc_row][vc_row][vc_column][vc_column_text]<\/p>\n<h2 style=\"text-align: center;\"><strong>SIE SUCHEN EXPERTEN F\u00dcR IHR SERVICED APARTMENTS PROJEKT?<br \/>\nPROFITIEREN SIE VON UNSERER 15-J\u00c4HRINGEN ERFAHRUNG IM HOSTPITALITY BUSINESS!<\/strong><\/h2>\n<p><span style=\"font-weight: 400;\">Sie haben eine Immobilie oder wollen eine erwerben? Sie suchen einen Partner, der Sie dabei unterst\u00fctzt, die beste und sicherste Rendite zu erwirtschaften? Wir sind Ihr seri\u00f6ser Partner f\u00fcr den Betrieb und die Vermarktung Ihrer Immobilie. W\u00e4hrend unserer 15-j\u00e4hrigen T\u00e4tigkeit haben wir einen Grundstock von \u00fcber 10.000 Kunden aufgebaut \u2013 ein Asset, auf das Sie setzen k\u00f6nnen. Wir sind die <strong>Market Leader<\/strong> in \u00d6sterreich im Bereich des <strong>servicierten Wohnens auf Zeit<\/strong> und begleiten Sie mit unserem <strong>Know-How<\/strong> von der <strong>Analyse bis hin zur Umsetzung<\/strong>! Lassen Sie sich von unseren Projekten \u00fcberzeugen und erfahren Sie mehr von unserem Investor Relations Angebot.<\/span>[\/vc_column_text]<div class=\"spacer\" style=\"height:35px;\"><\/div>[\/vc_column][\/vc_row][vc_row][vc_column width=&#8220;1\/4&#8243;][vc_single_image image=&#8220;12126&#8243; img_size=&#8220;full&#8220; onclick=&#8220;link_image&#8220;][\/vc_column][vc_column width=&#8220;1\/4&#8243;][vc_single_image image=&#8220;12124&#8243; img_size=&#8220;full&#8220; onclick=&#8220;link_image&#8220;][\/vc_column][vc_column width=&#8220;1\/4&#8243;][vc_single_image image=&#8220;12130&#8243; img_size=&#8220;full&#8220; onclick=&#8220;link_image&#8220;][\/vc_column][vc_column width=&#8220;1\/4&#8243;][vc_single_image image=&#8220;12128&#8243; img_size=&#8220;full&#8220; onclick=&#8220;link_image&#8220;][\/vc_column][\/vc_row][vc_row][vc_column][vc_column_text]<span style=\"font-weight: 400;\">Die <strong>Dian Consulting Group<\/strong> mit Sitz in Wien ist ein etabliertes Unternehmen im Bereich <strong>Immobilienvertrieb<\/strong> und <strong>Immobilienconsulting<\/strong> <strong>f\u00fcr Serviced Apartments.<\/strong> Wir beraten potenzielle Investoren von der Standortauswahl bis hin zur Verwertung der Immobilie und stellen einen Businessplan auf. Denn wir wissen: ein Investitionskonzept ist nur so erfolgreich wie die K\u00f6pfe, die dahinterstehen.<\/span><\/p>\n<p><span style=\"font-weight: 400;\">Wenn Sie regelm\u00e4\u00dfig reisen, wissen Sie, wie wichtig eine Unterkunft mit dem richtigen Preis-\/ Leistungsverh\u00e4ltnis und einem Wohlf\u00fchlambiente ist. Serviced Apartments sind die <strong>perfekten Wohnungen auf Zeit<\/strong> und eignen sich f\u00fcr jegliche Art des Aufenthalts. Die Jahre 2020 und 2021 zeigten das enorme Potenzial, das hinter Serviced Apartments als <strong>alternative Unterkunft zu Hotels<\/strong> steckt. Ihre G\u00e4ste werden unter anderem Gesch\u00e4ftsreisende, Mitarbeiter(innen) von Firmen und jegliche Tourist(innen) sein, die auf der <strong>Suche nach hochwertiger Qualit\u00e4t<\/strong> sind.<\/span>[\/vc_column_text]<div class=\"spacer\" style=\"height:20px;\"><\/div>[\/vc_column][\/vc_row][vc_row][vc_column][vc_column_text]<\/p>\n<h2 style=\"text-align: center;\">WIR DENKEN AN JEDES DETAIL<\/h2>\n<p>[\/vc_column_text][\/vc_column][\/vc_row][vc_row][vc_column][vc_single_image image=&#8220;10771&#8243; img_size=&#8220;full&#8220;][vc_column_text]Wie muss ein Serviced Apartment konzipiert sein? Welche Ausstattung passt am besten? Wo und wie bekomme ich die Ausstattung zu guten Preisen? Welche Zutrittssysteme oder WLAN Verbindungen sind notwendig? Auch das Thema Nachhaltigkeit und vieles mehr sind Themen, mit denen wir uns befassen.<\/p>\n<p>Sie k\u00f6nnen f\u00fcr jede dieser Fragen einen Fachexperten engagieren, oder das beste Rundum-Paket aus 12 Jahren Erfahrung mit <strong>Grand Quarters<\/strong> als Ihren Partner erhalten. Wir handeln aus der Perspektive eines Serviced Apartment Betreibers und wissen, was zu tun ist.<\/p>\n<p>Es ist uns wichtig, G\u00e4sten ein einmaliges Erlebnis zu bieten und das Wohnen auf Zeit mit einem besonderen Service abzurunden. Wir versuchen, das Unm\u00f6gliche m\u00f6glich zu machen \u2013 und das innerhalb k\u00fcrzester Zeit.[\/vc_column_text][\/vc_column][\/vc_row][vc_row][vc_column][vc_btn title=&#8220;G\u00e4stebewertungen&#8220; style=&#8220;classic&#8220; shape=&#8220;square&#8220; color=&#8220;black&#8220; size=&#8220;lg&#8220; align=&#8220;center&#8220; link=&#8220;url:https%3A%2F%2Fwww.grandquarters.com%2Fde%2Fgaestebewertungen%2F&#8220;][vc_raw_html]JTNDY2VudGVyJTNFJTVCd3ByZXZwcm9fdXNlYmFkZ2UlMjB0aWQlM0QlMjIzJTIyJTVEJTNDJTJGY2VudGVyJTNF[\/vc_raw_html]<div class=\"spacer\" style=\"height:70px;\"><\/div>[\/vc_column][\/vc_row][vc_row][vc_column][vc_column_text]<\/p>\n<h2 style=\"text-align: center;\"><strong>WELCHE IMMOBILIE K\u00d6NNEN VERMARKTET WERDEN?<\/strong><\/h2>\n<p><span style=\"font-weight: 400;\">Wir mieten, betreiben und vermarkten Serviced Apartments ab 10 Einheiten in einem ganzen Geb\u00e4ude, die sich in der N\u00e4he von touristischen Attraktionen, in Einkaufszonen, an Nahverkehrsstrecken oder im Zentrum der Stadt befinden. Die Immobilien k\u00f6nnen sanierungsbed\u00fcrftig sein, sollten sich aber zu einer Wohnung auf Zeit umbauen lassen k\u00f6nnen. Auch B\u00fcrogeb\u00e4uden lassen sich in Serviced Apartments umwandeln.<\/span>[\/vc_column_text]<div class=\"spacer\" style=\"height:40px;\"><\/div>[vc_column_text]<\/p>\n<h2 style=\"text-align: center;\"><strong>IHRE VORTEILE BEI GRAND QUARTERS<\/strong><\/h2>\n<p>[\/vc_column_text][vc_single_image image=&#8220;12154&#8243; img_size=&#8220;full&#8220;]<div class=\"spacer\" style=\"height:25px;\"><\/div>[\/vc_column][\/vc_row][vc_row][vc_column][vc_row_inner equal_height=&#8220;yes&#8220; content_placement=&#8220;top&#8220;][vc_column_inner width=&#8220;1\/4&#8243;][vc_single_image image=&#8220;12203&#8243; img_size=&#8220;full&#8220; alignment=&#8220;center&#8220;][vc_column_text]<\/p>\n<h3 style=\"text-align: center;\"><span style=\"font-weight: 400;\">Kompetente und verl\u00e4sslicher Ansprechpartner mit Langj\u00e4hrigen Erfahrung<\/span><\/h3>\n<p>[\/vc_column_text][\/vc_column_inner][vc_column_inner width=&#8220;1\/4&#8243;][vc_single_image image=&#8220;12205&#8243; img_size=&#8220;full&#8220; alignment=&#8220;center&#8220;][vc_column_text]<\/p>\n<h3 style=\"text-align: center;\"><span style=\"font-weight: 400;\">Projektleitung von Konzeptionsphase bis zur Vermarktung<\/span><\/h3>\n<p>[\/vc_column_text][\/vc_column_inner][vc_column_inner width=&#8220;1\/4&#8243;][vc_single_image image=&#8220;12207&#8243; img_size=&#8220;full&#8220; alignment=&#8220;center&#8220;][vc_column_text]<\/p>\n<h3 style=\"text-align: center;\"><span style=\"font-weight: 400;\">Exklusive Einrichtung und Ausstattung direkt vom Produzenten<\/span><\/h3>\n<p>[\/vc_column_text][\/vc_column_inner][vc_column_inner width=&#8220;1\/4&#8243;][vc_single_image image=&#8220;12209&#8243; img_size=&#8220;full&#8220; alignment=&#8220;center&#8220;][vc_column_text]<\/p>\n<h3 style=\"text-align: center;\"><span style=\"font-weight: 400;\">Hohe Immobilienrendite durch optimierte und nachhaltige Prozesse<\/span><\/h3>\n<p>[\/vc_column_text][\/vc_column_inner][\/vc_row_inner]<div class=\"spacer\" style=\"height:25px;\"><\/div>[vc_column_text]<\/p>\n<h3 style=\"text-align: center;\">Oberste Priorit\u00e4t hat die Qualit\u00e4t unserer Dienstleistungen und die ist das Ergebnis aus Kontinuit\u00e4t, Professionalit\u00e4t, Diskretion und Seriosit\u00e4t.<br \/>\nAus unserer langj\u00e4hrigen Erfahrung als Anbieter von Serviced Apartments kennen wir die Bed\u00fcrfnisse der Kunden.<\/h3>\n<h3 style=\"text-align: center;\">F\u00fcr eine unverbindliche Erstberatung kontaktieren Sie uns telefonisch unter +43 650 430 2020 oder schicken Sie uns eine Nachricht:<\/h3>\n<p>[\/vc_column_text][\/vc_column][\/vc_row][vc_row css=&#8220;.vc_custom_1634225272669{background-color: #eee5d8 !important;}&#8220;][vc_column width=&#8220;1\/2&#8243; css=&#8220;.vc_custom_1634208559740{margin-bottom: 0px !important;padding-top: 0px !important;padding-right: 0px !important;padding-bottom: 0px !important;padding-left: 0px !important;}&#8220;][vc_single_image image=&#8220;12271&#8243; img_size=&#8220;full&#8220; css=&#8220;.vc_custom_1634210161223{margin-top: 0px !important;margin-right: 0px !important;margin-bottom: 0px !important;margin-left: 0px !important;padding-top: 0px !important;padding-right: 0px !important;padding-bottom: 0px !important;padding-left: 0px !important;}&#8220;][\/vc_column][vc_column width=&#8220;1\/2&#8243; css=&#8220;.vc_custom_1634225569127{margin-bottom: 0px !important;padding-top: 35px !important;padding-right: 40px !important;padding-bottom: 0px !important;padding-left: 40px !important;}&#8220;][vc_column_text][wpforms id=&#8220;12224&#8243; title=&#8220;false&#8220;][\/vc_column_text][\/vc_column][\/vc_row]<\/p>\n<\/div>","protected":false},"excerpt":{"rendered":"<p>[vc_row][vc_column width=&#8220;1\/6&#8243;][vc_column_text el_class=&#8220;frontheading&#8220;] BEKANNT AUS [\/vc_column_text][\/vc_column][vc_column width=&#8220;1\/6&#8243;][vc_single_image image=&#8220;12394&#8243; alignment=&#8220;center&#8220;][\/vc_column][vc_column width=&#8220;1\/6&#8243;][vc_single_image image=&#8220;12390&#8243; alignment=&#8220;center&#8220;][\/vc_column][vc_column width=&#8220;1\/6&#8243;][vc_single_image image=&#8220;12410&#8243; alignment=&#8220;center&#8220;][\/vc_column][vc_column width=&#8220;1\/6&#8243;][vc_single_image image=&#8220;12396&#8243; alignment=&#8220;center&#8220;][\/vc_column][vc_column width=&#8220;1\/6&#8243;][vc_single_image image=&#8220;12388&#8243; alignment=&#8220;center&#8220;][\/vc_column][\/vc_row][vc_row][vc_column][\/vc_column][\/vc_row][vc_row][vc_column][vc_column_text] SIE SUCHEN EXPERTEN F\u00dcR IHR SERVICED APARTMENTS PROJEKT? PROFITIEREN SIE VON UNSERER 15-J\u00c4HRINGEN ERFAHRUNG IM HOSTPITALITY BUSINESS! Sie haben eine Immobilie oder wollen eine erwerben? Sie suchen einen Partner, der Sie dabei unterst\u00fctzt, die &#8230;<\/p>\n","protected":false},"author":1,"featured_media":0,"parent":0,"menu_order":0,"comment_status":"closed","ping_status":"closed","template":"","meta":{"inline_featured_image":false,"footnotes":""},"class_list":["post-12057","page","type-page","status-publish","hentry"],"_links":{"self":[{"href":"https:\/\/old.grandquarters.com\/de\/wp-json\/wp\/v2\/pages\/12057","targetHints":{"allow":["GET"]}}],"collection":[{"href":"https:\/\/old.grandquarters.com\/de\/wp-json\/wp\/v2\/pages"}],"about":[{"href":"https:\/\/old.grandquarters.com\/de\/wp-json\/wp\/v2\/types\/page"}],"author":[{"embeddable":true,"href":"https:\/\/old.grandquarters.com\/de\/wp-json\/wp\/v2\/users\/1"}],"replies":[{"embeddable":true,"href":"https:\/\/old.grandquarters.com\/de\/wp-json\/wp\/v2\/comments?post=12057"}],"version-history":[{"count":171,"href":"https:\/\/old.grandquarters.com\/de\/wp-json\/wp\/v2\/pages\/12057\/revisions"}],"predecessor-version":[{"id":14768,"href":"https:\/\/old.grandquarters.com\/de\/wp-json\/wp\/v2\/pages\/12057\/revisions\/14768"}],"wp:attachment":[{"href":"https:\/\/old.grandquarters.com\/de\/wp-json\/wp\/v2\/media?parent=12057"}],"curies":[{"name":"wp","href":"https:\/\/api.w.org\/{rel}","templated":true}]}}