{"id":6273,"date":"2018-10-08T09:40:33","date_gmt":"2018-10-08T09:40:33","guid":{"rendered":"https:\/\/www.grandquarters.com\/about-us\/"},"modified":"2024-01-22T13:18:37","modified_gmt":"2024-01-22T11:18:37","slug":"ueber-grand-quarters","status":"publish","type":"page","link":"https:\/\/old.grandquarters.com\/de\/ueber-grand-quarters\/","title":{"rendered":"\u00dcber uns"},"content":{"rendered":"<div class=\"wpb-content-wrapper\"><p>[vc_row][vc_column][vc_column_text]Grand Quarters ist ein junges und engagiertes Unternehmen, das auf <strong>15 Jahre Erfahrung<\/strong> in der Branche zur\u00fcckgreifen kann. Wir \u00fcberzeugen mit einem ausgepr\u00e4gten Teamgeist, Integrit\u00e4t und Geduld, damit Sie einen unvergesslichen <strong>Aufenthalt in Wien<\/strong> und einen optimalen <strong>Service<\/strong> genie\u00dfen k\u00f6nnen.[\/vc_column_text]<div class=\"spacer\" style=\"height:20px;\"><\/div>[vc_column_text]<\/p>\n<h2>Das Grand Quarters Team<\/h2>\n<p>[\/vc_column_text][\/vc_column][\/vc_row][vc_row gap=&#8220;5&#8243; css=&#8220;.vc_custom_1638460538957{margin-bottom: 30px !important;}&#8220;][vc_column width=&#8220;1\/2&#8243;][vc_hoverbox image=&#8220;12552&#8243; primary_title=&#8220;Moe, CEO&#8220; primary_align=&#8220;left&#8220; primary_title_font_container=&#8220;color:%23ffffff&#8220; primary_title_use_theme_fonts=&#8220;yes&#8220; hover_title=&#8220;Moe Mahmoodian, CEO&#8220; shape=&#8220;square&#8220; use_custom_fonts_primary_title=&#8220;true&#8220;]\u201cBehandle andere so, wie du selbst behandelt werden m\u00f6chtest.\u201d[\/vc_hoverbox][\/vc_column][vc_column width=&#8220;1\/2&#8243;][vc_hoverbox image=&#8220;12545&#8243; primary_title=&#8220;Nina, Housekeeping&#8220; primary_align=&#8220;left&#8220; primary_title_font_container=&#8220;color:%23ffffff&#8220; primary_title_use_theme_fonts=&#8220;yes&#8220; hover_title=&#8220;Nina Zimmermann, Housekeeping&#8220; shape=&#8220;square&#8220; use_custom_fonts_primary_title=&#8220;true&#8220;]\u201cEine lebenslange Schule \u2013 ein Jahrhundert des Lebens, ein Jahrhundert des Lernens. Bewegung ist die Energie des Lebens. Nichts geschieht von selbst.\u201d[\/vc_hoverbox][\/vc_column][\/vc_row][vc_row gap=&#8220;5&#8243; css=&#8220;.vc_custom_1690651925287{margin-bottom: 30px !important;}&#8220;][vc_column width=&#8220;1\/2&#8243;][vc_hoverbox image=&#8220;13578&#8243; primary_title=&#8220;Stefania, Guest Relations&#8220; primary_align=&#8220;left&#8220; primary_title_font_container=&#8220;color:%23ffffff&#8220; primary_title_use_theme_fonts=&#8220;yes&#8220; hover_title=&#8220;Stefania Dedeo, Guest Relations&#8220; shape=&#8220;square&#8220; use_custom_fonts_primary_title=&#8220;true&#8220;]\u201cNur wer sein Ziel kennt, findet den Weg.\u201d[\/vc_hoverbox][\/vc_column][vc_column width=&#8220;1\/2&#8243;][vc_hoverbox image=&#8220;13582&#8243; primary_title=&#8220;Bruno, Guest Relations&#8220; primary_align=&#8220;left&#8220; primary_title_font_container=&#8220;color:%23ffffff&#8220; primary_title_use_theme_fonts=&#8220;yes&#8220; hover_title=&#8220;Bruno Soric, Guest Relations&#8220; shape=&#8220;square&#8220; use_custom_fonts_primary_title=&#8220;true&#8220;]\u201cNiemand, der jemals sein Bestes gegeben hat, hat es bereut.\u201d[\/vc_hoverbox][\/vc_column][\/vc_row][vc_row gap=&#8220;5&#8243;][vc_column width=&#8220;1\/2&#8243;][vc_hoverbox image=&#8220;13637&#8243; primary_title=&#8220;Janina, Marketing &amp; Media&#8220; primary_align=&#8220;left&#8220; primary_title_font_container=&#8220;color:%23ffffff&#8220; primary_title_use_theme_fonts=&#8220;yes&#8220; hover_title=&#8220;Janina Rausch, Marketing &amp; Media&#8220; shape=&#8220;square&#8220; use_custom_fonts_primary_title=&#8220;true&#8220;]\u201cLeben Sie zielstrebig, inspirieren Sie mit Mitgef\u00fchl und hinterlassen Sie ein Verm\u00e4chtnis positiver Ver\u00e4nderungen.\u201d[\/vc_hoverbox][\/vc_column][\/vc_row][vc_row][vc_column]<div class=\"spacer\" style=\"height:60px;\"><\/div>[vc_column_text]<\/p>\n<h2>Die Geschichte von Grand Quarters<\/h2>\n<p>Wir sind darauf spezialisiert, Ihnen ein einzigartiges Erlebnis in <strong>Wien<\/strong> zu bieten. Und das nat\u00fcrlich in einer <strong>Top-Lage<\/strong>, inklusive pers\u00f6nlichem und individuellem <strong>Service<\/strong>, der auf Ihre Bed\u00fcrfnisse zugeschnitten ist.<\/p>\n<p><strong>Moe Mahmoodian<\/strong>, CEO und Gr\u00fcnder von Grand Quarters, bringt \u00fcber <strong>15 Jahre Erfahrung<\/strong> im Hospitality-Bereich mit. Seine Leidenschaft f\u00fcr seinen Beruf hat ihn dazu gebracht, alle Bereiche der Branche zu erkunden und zu erleben. Auf diese Weise erwarb er das Wissen und das Verst\u00e4ndnis daf\u00fcr, was es braucht, um der Beste zu sein. Wir haben bereits miterlebt, dass Moe sich beispielsweise nicht davor scheut, seinen Anzug auszuziehen, um dem Hauspersonal beim Reinigen eines m\u00f6blierten Apartments zu helfen. Es gibt Geschichten \u00fcber ihn, in denen er sich an fast jeder Aktivit\u00e4t in Grand Quarters beteiligt. Moe Mahmoodian wei\u00df, wonach die Kunden suchen, wenn sie ein Apartment buchen. Deshalb hat er auch einen gro\u00dfen Teil der Renovierung und Gestaltung jedes <strong>Serviced Apartments<\/strong> \u00fcbernommen.<\/p>\n<p>Wenn ein Gast mit einer Situation unzufrieden ist, ergreift Moe die Gelegenheit und spricht direkt mit dem Kunden. Damit stellt er sicher, dass das Problem sofort auf die beste Weise gel\u00f6st wird. Er sagt, dass die meisten seiner h\u00e4ufig wiederkehrenden Kunden diejenigen sind, die w\u00e4hrend ihres ersten Tages ein Problem hatten oder einen besonderen Wunsch \u00e4u\u00dferten. Gerade diese Art von F\u00e4llen sind es, die ihm am meisten am Herzen liegen. Denn Moe wei\u00df, was zu tun ist, damit sich ein Kunde wohlf\u00fchlt und wieder bei Grand Quarters bucht.<\/p>\n<p>&nbsp;<\/p>\n<h3>Das sagen unsere G\u00e4ste \u00fcber ihre Erfahrungen<\/h3>\n<p>[\/vc_column_text][vc_column_text][wprevpro_usetemplate tid=&#8220;12&#8243;][\/vc_column_text][vc_btn title=&#8220;Mehr G\u00e4stebewertungen Ansehen&#8220; style=&#8220;classic&#8220; shape=&#8220;square&#8220; color=&#8220;black&#8220; size=&#8220;lg&#8220; align=&#8220;center&#8220; link=&#8220;url:https%3A%2F%2Fwww.grandquarters.com%2Fde%2Fgaestebewertungen%2F&#8220;]<div class=\"spacer\" style=\"height:50px;\"><\/div>[vc_column_text]<\/p>\n<h2>Exklusive Apartments f\u00fcr Langzeit- und Kurzzeitmiete in Wien<\/h2>\n<p><strong>High-End Qualit\u00e4t<\/strong>, sch\u00f6nes Interieur und <strong>24-Stunden-Service<\/strong>. Wir bieten Apartments in <strong>Wien<\/strong> auf h\u00f6chstem Niveau. Grand Quarters ist Ihr Zuhause fern von Zuhause. Unsere Wohnungen sind der perfekte Ausgangspunkt f\u00fcr Ihre Erkundungstouren durch die Stadt. Entdecken Sie beispielsweise das <a href=\"https:\/\/www.grandquarters.com\/de\/zentrum-apartment-wien\/\">Stadtzentrum<\/a> mit seinen historischen und beeindruckenden <strong>Sehensw\u00fcrdigkeiten<\/strong>. Oder genie\u00dfen Sie ein Glas Wein auf Ihrer exklusiven <strong>Dachterrasse<\/strong> mit einem wundersch\u00f6nen Blick auf den <a href=\"https:\/\/www.grandquarters.com\/de\/stephansdom\/\">Stephansdom<\/a>. Kurzum, von unseren <strong>Serviced Apartments<\/strong> aus k\u00f6nnen Sie direkt in die vielf\u00e4ltigen und historischen Facetten Wiens eintauchen.<\/p>\n<p>Wir bieten einzigartige und exklusive m\u00f6blierte Apartments in Wien f\u00fcr <strong>Gesch\u00e4ftskunden<\/strong>, <strong>Diplomaten<\/strong> und ebenso f\u00fcr <strong>private G\u00e4ste<\/strong> und <strong>Familien<\/strong>. Ihre Bed\u00fcrfnisse, Ihr Komfort und Ihre Zufriedenheit sind unsere einzige Priorit\u00e4t! Wir definieren unsere Motivation durch Teamf\u00e4higkeit, Integrit\u00e4t und Geduld. So ist es uns m\u00f6glich, Ihnen das Beste vom Besten zu bieten.<\/p>\n<p>Wir freuen uns, Ihnen unsere Dienstleistungen vorzustellen:<\/p>\n<p><span style=\"color: #bb844c;\"><a href=\"https:\/\/www.grandquarters.com\/de\/apartment-wien\/\">Serviced Apartments<\/a>, <a href=\"https:\/\/www.grandquarters.com\/de\/moeblierte-apartments-wien\/\">M\u00f6blierte Apartments<\/a>, <a href=\"https:\/\/www.grandquarters.com\/de\/firmenwohnung-wien\/\">Business Apartments<\/a>, <a href=\"https:\/\/www.grandquarters.com\/de\/home-office-wien\/\">Home-Office<\/a>, <a href=\"https:\/\/www.grandquarters.com\/de\/ferienwohnung-wien\/\">Ferienwohnungen<\/a>, <a href=\"https:\/\/www.grandquarters.com\/de\/langzeitmiete-wien\/\">Langzeit Apartments<\/a>, <a href=\"https:\/\/www.grandquarters.com\/de\/pendlerwohnung-wien\/\">Pendler Wohnungen<\/a>, <a href=\"https:\/\/www.grandquarters.com\/de\/wohnung-fuer-gesundheitlichen-aufenthalt\/\">Gesundheitliche Aufenthalte<\/a>, <a href=\"https:\/\/www.grandquarters.com\/de\/trennungswohnung-wien\/\">Trennungswohnungen<\/a>, <a href=\"https:\/\/www.grandquarters.com\/de\/luxuswohnungen-wien\/\">Luxuswohnungen<\/a>, <a href=\"https:\/\/www.grandquarters.com\/de\/studentenapartment-wien\/\">Studentenapartment<\/a>, <a href=\"https:\/\/www.grandquarters.com\/de\/kurzzeitmiete-wien\/\">Wohnungen zur Kurzzeitmiete<\/a>, <a href=\"https:\/\/www.grandquarters.com\/de\/auszeitwohnungen\/\">Auszeitwohnungen<\/a>.<\/span><\/p>\n<p>&nbsp;<\/p>\n<h2>Finden Sie, was Sie brauchen auf Grand Quarters<\/h2>\n<p>Egal, nach welcher Unterkunft Sie suchen, hier auf Grand Quarters werden Sie f\u00fcndig! Schnell, einfach und in stets in einer optimalen Lage.<\/p>\n<p>Kontaktieren Sie uns und wir senden Ihnen ein unverbindliches Angebot zu. Wir freuen uns auf Sie![\/vc_column_text][vc_column_text][wpforms id=&#8220;12224&#8243;][\/vc_column_text][\/vc_column][\/vc_row]<\/p>\n<\/div>","protected":false},"excerpt":{"rendered":"<p>[vc_row][vc_column][vc_column_text]Grand Quarters ist ein junges und engagiertes Unternehmen, das auf 15 Jahre Erfahrung in der Branche zur\u00fcckgreifen kann. Wir \u00fcberzeugen mit einem ausgepr\u00e4gten Teamgeist, Integrit\u00e4t und Geduld, damit Sie einen unvergesslichen Aufenthalt in Wien und einen optimalen Service genie\u00dfen k\u00f6nnen.[\/vc_column_text][vc_column_text] Das Grand Quarters Team [\/vc_column_text][\/vc_column][\/vc_row][vc_row gap=&#8220;5&#8243; css=&#8220;.vc_custom_1638460538957{margin-bottom: 30px !important;}&#8220;][vc_column width=&#8220;1\/2&#8243;][vc_hoverbox image=&#8220;12552&#8243; primary_title=&#8220;Moe, CEO&#8220; primary_align=&#8220;left&#8220; primary_title_font_container=&#8220;color:%23ffffff&#8220; &#8230;<\/p>\n","protected":false},"author":1,"featured_media":0,"parent":0,"menu_order":0,"comment_status":"closed","ping_status":"open","template":"","meta":{"inline_featured_image":false,"footnotes":""},"class_list":["post-6273","page","type-page","status-publish","hentry"],"_links":{"self":[{"href":"https:\/\/old.grandquarters.com\/de\/wp-json\/wp\/v2\/pages\/6273","targetHints":{"allow":["GET"]}}],"collection":[{"href":"https:\/\/old.grandquarters.com\/de\/wp-json\/wp\/v2\/pages"}],"about":[{"href":"https:\/\/old.grandquarters.com\/de\/wp-json\/wp\/v2\/types\/page"}],"author":[{"embeddable":true,"href":"https:\/\/old.grandquarters.com\/de\/wp-json\/wp\/v2\/users\/1"}],"replies":[{"embeddable":true,"href":"https:\/\/old.grandquarters.com\/de\/wp-json\/wp\/v2\/comments?post=6273"}],"version-history":[{"count":13,"href":"https:\/\/old.grandquarters.com\/de\/wp-json\/wp\/v2\/pages\/6273\/revisions"}],"predecessor-version":[{"id":14279,"href":"https:\/\/old.grandquarters.com\/de\/wp-json\/wp\/v2\/pages\/6273\/revisions\/14279"}],"wp:attachment":[{"href":"https:\/\/old.grandquarters.com\/de\/wp-json\/wp\/v2\/media?parent=6273"}],"curies":[{"name":"wp","href":"https:\/\/api.w.org\/{rel}","templated":true}]}}