{"id":9038,"date":"2020-09-08T15:13:18","date_gmt":"2020-09-08T15:13:18","guid":{"rendered":"https:\/\/www.grandquarters.com\/?page_id=9038"},"modified":"2021-02-08T16:17:46","modified_gmt":"2021-02-08T16:17:46","slug":"7-bezirk","status":"publish","type":"page","link":"https:\/\/old.grandquarters.com\/de\/7-bezirk\/","title":{"rendered":"7. Bezirk (Neubau)"},"content":{"rendered":"<div class=\"wpb-content-wrapper\"><p>[vc_row][vc_column][vc_column_text]Unsere Wohnungen im 7. Bezirk sind nicht nur liebevoll eingerichtet, sondern in einer optimalen und vielseitigen Lage \u2013 Neubau erm\u00f6glicht Ihnen einen einzigartigen Aufenthalt mit gut ausgebauter Infrastruktur. Von diversen Caf\u00e9s bis hin zu einer ausgesprochen variationsreichen Kulinarik. Im 7. Bezirk finden Sie nicht nur eine Reihe an Hotspots, sondern ebenso abwechslungsreiche Einkaufsm\u00f6glichkeiten.<\/p>\n<p>&nbsp;<\/p>\n<h2 style=\"font-size: 20px; line-height: 1.3em; margin-bottom: 15px;\">Viel zu erleben und viel zu entdecken<\/h2>\n<p>Der 7. Bezirk ist ein Knotenpunkt der vielseitigen Kulinarik \u00d6sterreichs. Unsere servicierten Wohnungen befinden sich direkt neben der gr\u00f6\u00dften und bekanntesten Einkaufsstra\u00dfe Wiens \u2013 der Mariahilfer Stra\u00dfe. Sie verbindet die innere Stadt mit dem 15. Bezirk und dem Westbahnhof. Trotz der urbanen Lage genie\u00dfen Sie angenehme Ruhe. Denn durch die Neugestaltung der Mariahilfer Stra\u00dfe, ist ein gro\u00dfer Teil der Einkaufsstra\u00dfe eine Fu\u00dfg\u00e4ngerzone. Neben diversen Lokalit\u00e4ten k\u00f6nnen Sie eine Vielzahl an Shoppingm\u00f6glichkeiten erkunden.<\/p>\n<p>&nbsp;<\/p>\n<h3 style=\"font-size: 20px; line-height: 1.3em; margin-bottom: 15px;\">Kunst und Kultur um 7. Bezirk<\/h3>\n<p>Am Ende der Mariahilfer Stra\u00dfe befindet sich das Museumsquartier. Ein barocker Geb\u00e4udekomplex in dem sich das Mumok, das Architekturzentrum Wien und das Leopold Museum befindet. Dort finden Sie moderne \u00f6sterreichische Kunst, sowie eine einzigartige Sammlung von Egon Schiele. Das Mumok beherbergt diverse Sammlungen des Fluxus, Pop-Art und vielen weiteren.<\/p>\n<p>Der Stadtsaal ist ein Hotspot f\u00fcr Kabarett, Musik und Theater. Das Haydnkino ist ein Familienbetrieb mit aktuellen, englischsprachigen Filmen und ein Muss f\u00fcr jeden Filmliebhaber.<\/p>\n<p>&nbsp;<\/p>\n<h3 style=\"font-size: 20px; line-height: 1.3em; margin-bottom: 15px;\">Unsere Wohnungen im 7. Bezirk in optimaler Lage<\/h3>\n<p>In unmittelbarer N\u00e4he unserer serviced Apartments befindet sich die U-Bahnlinie U3. Am nahegelegenen Westbahnhof kreuzt sich diese Linie mit der U6, sowie mit den Stra\u00dfenbahnlinien 5, 6, 9, 18, 49. Aufgrund den Nachtbusstationen sind Sie ebenso in der Nacht dauerhaft flexibel! Abgesehen von der guten Anbindung an das \u00f6ffentliche Verkehrsnetz, k\u00f6nnen Sie E-Scooter und sogar Fahrr\u00e4der anmieten. Somit genie\u00dfen Sie dauerhafte Unabh\u00e4ngigkeit!<\/p>\n<p>&nbsp;<\/p>\n<p>Genie\u00dfen Sie mit unseren Wohnungen im 7. Bezirk die Lebensqualit\u00e4t von Wien aus erster Hand! Erleben Sie einen unvergesslichen Aufenthalt mit gen\u00fcgend Privatsph\u00e4re und Unabh\u00e4ngigkeit \u2013 auf guten Service m\u00fcssen Sie dennoch nicht verzichten. Wir orientieren unseren Service n\u00e4mlich ganz nach Ihren Bed\u00fcrfnissen und W\u00fcnschen.<\/p>\n<p>Suchen Sie jetzt nach Ihrem Traumapartment auf Zeit \u2013 sowohl f\u00fcr Kurzzeit- als auch f\u00fcr Langzeitmiete!<\/p>\n<p>[\/vc_column_text][\/vc_column][\/vc_row][vc_row][vc_column][vc_column_text]<\/p>\n<h2>Liste unserer Apartments im 7. Bezirk @Grand Quarters<\/h2>\n<p>[\/vc_column_text][\/vc_column][\/vc_row]<\/p>\n<\/div>","protected":false},"excerpt":{"rendered":"<p>[vc_row][vc_column][vc_column_text]Unsere Wohnungen im 7. Bezirk sind nicht nur liebevoll eingerichtet, sondern in einer optimalen und vielseitigen Lage \u2013 Neubau erm\u00f6glicht Ihnen einen einzigartigen Aufenthalt mit gut ausgebauter Infrastruktur. Von diversen Caf\u00e9s bis hin zu einer ausgesprochen variationsreichen Kulinarik. Im 7. Bezirk finden Sie nicht nur eine Reihe an Hotspots, sondern ebenso abwechslungsreiche Einkaufsm\u00f6glichkeiten. &nbsp; Viel &#8230;<\/p>\n","protected":false},"author":1,"featured_media":0,"parent":0,"menu_order":0,"comment_status":"closed","ping_status":"closed","template":"property_list.php","meta":{"inline_featured_image":false,"footnotes":""},"class_list":["post-9038","page","type-page","status-publish","hentry"],"_links":{"self":[{"href":"https:\/\/old.grandquarters.com\/de\/wp-json\/wp\/v2\/pages\/9038","targetHints":{"allow":["GET"]}}],"collection":[{"href":"https:\/\/old.grandquarters.com\/de\/wp-json\/wp\/v2\/pages"}],"about":[{"href":"https:\/\/old.grandquarters.com\/de\/wp-json\/wp\/v2\/types\/page"}],"author":[{"embeddable":true,"href":"https:\/\/old.grandquarters.com\/de\/wp-json\/wp\/v2\/users\/1"}],"replies":[{"embeddable":true,"href":"https:\/\/old.grandquarters.com\/de\/wp-json\/wp\/v2\/comments?post=9038"}],"version-history":[{"count":0,"href":"https:\/\/old.grandquarters.com\/de\/wp-json\/wp\/v2\/pages\/9038\/revisions"}],"wp:attachment":[{"href":"https:\/\/old.grandquarters.com\/de\/wp-json\/wp\/v2\/media?parent=9038"}],"curies":[{"name":"wp","href":"https:\/\/api.w.org\/{rel}","templated":true}]}}